{"id":205,"date":"2020-03-31T16:06:19","date_gmt":"2020-03-31T16:06:19","guid":{"rendered":"https:\/\/www.cumbredelsolpreowned.com\/video-cumbre-del-sol\/"},"modified":"2023-03-12T12:30:50","modified_gmt":"2023-03-12T11:30:50","slug":"video-cumbre-del-sol","status":"publish","type":"page","link":"https:\/\/www.cumbredelsolpreowned.com\/fr\/video-cumbre-del-sol\/","title":{"rendered":"video cumbre del sol"},"content":{"rendered":"<p>[et_pb_section fb_built=\u00a0\u00bb1&Prime; _builder_version=\u00a0\u00bb4.16&Prime; custom_margin=\u00a0\u00bb0px||0px||false|false\u00a0\u00bb custom_padding=\u00a0\u00bb0px||0px||false|false\u00a0\u00bb da_disable_devices=\u00a0\u00bboff|off|off\u00a0\u00bb global_colors_info=\u00a0\u00bb{}\u00a0\u00bb da_is_popup=\u00a0\u00bboff\u00a0\u00bb da_exit_intent=\u00a0\u00bboff\u00a0\u00bb da_has_close=\u00a0\u00bbon\u00a0\u00bb da_alt_close=\u00a0\u00bboff\u00a0\u00bb da_dark_close=\u00a0\u00bboff\u00a0\u00bb da_not_modal=\u00a0\u00bbon\u00a0\u00bb da_is_singular=\u00a0\u00bboff\u00a0\u00bb da_with_loader=\u00a0\u00bboff\u00a0\u00bb da_has_shadow=\u00a0\u00bbon\u00a0\u00bb][et_pb_row _builder_version=\u00a0\u00bb4.20.2&Prime; _module_preset=\u00a0\u00bbdefault\u00a0\u00bb custom_margin=\u00a0\u00bb||0px||false|false\u00a0\u00bb custom_padding=\u00a0\u00bb||0px||false|false\u00a0\u00bb hover_enabled=\u00a0\u00bb0&Prime; sticky_enabled=\u00a0\u00bb0&Prime;][et_pb_column _builder_version=\u00a0\u00bb4.20.2&Prime; _module_preset=\u00a0\u00bbdefault\u00a0\u00bb type=\u00a0\u00bb4_4&Prime;][et_pb_text _builder_version=\u00a0\u00bb4.20.2&Prime; _module_preset=\u00a0\u00bbdefault\u00a0\u00bb hover_enabled=\u00a0\u00bb0&Prime; sticky_enabled=\u00a0\u00bb0&Prime;]<\/p>\n<h1>Vid\u00e9o D\u00e9veloppement r\u00e9sidentiel Cumbre del Sol, Benitachell, Espagne<\/h1>\n<p>[\/et_pb_text][\/et_pb_column][\/et_pb_row][et_pb_row _builder_version=\u00a0\u00bb4.20.2&Prime; _module_preset=\u00a0\u00bbdefault\u00a0\u00bb column_structure=\u00a0\u00bb1_2,1_2&Prime;][et_pb_column _builder_version=\u00a0\u00bb4.20.2&Prime; _module_preset=\u00a0\u00bbdefault\u00a0\u00bb type=\u00a0\u00bb1_2&Prime;][et_pb_text _builder_version=\u00a0\u00bb4.20.2&Prime; _module_preset=\u00a0\u00bbdefault\u00a0\u00bb hover_enabled=\u00a0\u00bb0&Prime; sticky_enabled=\u00a0\u00bb0&Prime;]<\/p>\n<p style=\"text-align: justify;\">La vid\u00e9o est une pr\u00e9sentation virtuelle de <a href=\"https:\/\/www.cumbredelsolpreowned.com\/fr\/cumbre-del-sol-benitachell\/\" title=\"l'urbanisation Cumbre del Sol\">l&rsquo;urbanisation Cumbre del Sol<\/a>, situ\u00e9e sur la Costa Blanca en Espagne. <strong>La vid\u00e9o commence par des vues a\u00e9riennes spectaculaires de l&rsquo;urbanisation et du littoral<\/strong>, montrant la beaut\u00e9 naturelle de la r\u00e9gion. <strong>La vid\u00e9o pr\u00e9sente ensuite diff\u00e9rentes zones de l&rsquo;urbanisation<\/strong>, telles que le centre commercial Adelfas, l&rsquo;\u00e9cole internationale Laude Lady Elizabeth, le centre sportif et les diff\u00e9rents quartiers r\u00e9sidentiels.<\/p>\n<p style=\"text-align: justify;\">La vid\u00e9o met en \u00e9vidence l&rsquo;architecture m\u00e9diterran\u00e9enne des propri\u00e9t\u00e9s du lotissement, <strong>qui s&rsquo;int\u00e8grent harmonieusement \u00e0 l&rsquo;environnement naturel.<\/strong> En outre, une grande vari\u00e9t\u00e9 de propri\u00e9t\u00e9s est pr\u00e9sent\u00e9e, allant des appartements aux villas de luxe avec une vue imprenable sur la mer. La vid\u00e9o montre \u00e9galement certains des \u00e9quipements dont les r\u00e9sidents peuvent profiter, tels que les piscines, les jardins, les terrasses et les zones de loisirs.<\/p>\n<blockquote>\n<p style=\"text-align: justify;\">Dans l&rsquo;ensemble, la vid\u00e9o donne <strong>une bonne vue d&rsquo;ensemble du projet Cumbre del Sol<\/strong>, en montrant ses principales caract\u00e9ristiques et sa beaut\u00e9 naturelle, ce qui peut s&rsquo;av\u00e9rer tr\u00e8s utile pour les personnes int\u00e9ress\u00e9es par <a href=\"https:\/\/www.properties.cumbredelsolpreowned.com\/fr\/vente\/\" target=\"_blank\" rel=\"noopener\" title=\"Acheter propri\u00e9t\u00e9s a Cumbre del Sol\">l&rsquo;achat d&rsquo;une propri\u00e9t\u00e9 dans cette zone.<\/a><\/p>\n<\/blockquote>\n<p>[\/et_pb_text][\/et_pb_column][et_pb_column _builder_version=\u00a0\u00bb4.20.2&Prime; _module_preset=\u00a0\u00bbdefault\u00a0\u00bb type=\u00a0\u00bb1_2&Prime;][et_pb_text _builder_version=\u00a0\u00bb4.20.2&Prime; _module_preset=\u00a0\u00bbdefault\u00a0\u00bb hover_enabled=\u00a0\u00bb0&Prime; sticky_enabled=\u00a0\u00bb0&Prime;]<\/p>\n<p style=\"text-align: justify;\"><a href=\"https:\/\/www.cumbredelsolpreowned.com\/fr\/\" title=\"L'agence immobili\u00e8re Cumbre del Sol Pre-Owned\">L&rsquo;agence immobili\u00e8re Cumbre del Sol Pre-Owned<\/a> dispose d&rsquo;une cha\u00eene YouTube o\u00f9 elle <strong>partage diverses vid\u00e9os relatives \u00e0 la vente de propri\u00e9t\u00e9s<\/strong> dans la prestigieuse urbanisation Cumbre del Sol, situ\u00e9e sur la Costa Blanca en Espagne.<\/p>\n<p style=\"text-align: justify;\">Sur sa cha\u00eene YouTube, Cumbre del Sol Pre-Owned propose une grande vari\u00e9t\u00e9 de contenus, notamment des visites virtuelles de propri\u00e9t\u00e9s \u00e0 vendre, ainsi que des vid\u00e9os promotionnelles sur le lotissement et son environnement naturel, mettant en valeur les vues imprenables sur la mer et les montagnes.<\/p>\n<p style=\"text-align: justify;\">Les vid\u00e9os de <a href=\"https:\/\/www.youtube.com\/@CumbredelsolPreOwnedRealEstate\" target=\"_blank\" rel=\"noopener nofollow\" title=\"Ch\u00e2ine YouTube agence immobilie Cumbre del Sol Pre-Owned\"><strong>la cha\u00eene YouTube de Cumbre del Sol Pre-Owned<\/strong><\/a> ont une qualit\u00e9 de production \u00e9lev\u00e9e, avec des images claires et nettes, offrant des informations d\u00e9taill\u00e9es sur les propri\u00e9t\u00e9s \u00e0 vendre.<\/p>\n<p style=\"text-align: justify;\">En r\u00e9sum\u00e9, la cha\u00eene YouTube de Cumbre del Sol Pre-Owned <strong>est un excellent outil pour ceux qui cherchent \u00e0 acheter une propri\u00e9t\u00e9<\/strong> dans le d\u00e9veloppement Cumbre del Sol, car elle offre une mine d&rsquo;informations pr\u00e9cieuses et attrayantes, pr\u00e9sent\u00e9es de mani\u00e8re professionnelle et organis\u00e9e.<\/p>\n<p>[\/et_pb_text][\/et_pb_column][\/et_pb_row][et_pb_row _builder_version=\u00a0\u00bb4.16&Prime; width=\u00a0\u00bb100%\u00a0\u00bb max_width=\u00a0\u00bb1280px\u00a0\u00bb custom_padding=\u00a0\u00bb0px||0px||false|false\u00a0\u00bb global_colors_info=\u00a0\u00bb{}\u00a0\u00bb][et_pb_column type=\u00a0\u00bb4_4&Prime; _builder_version=\u00a0\u00bb4.16&Prime; global_colors_info=\u00a0\u00bb{}\u00a0\u00bb][et_pb_code _builder_version=\u00a0\u00bb4.16&Prime; global_colors_info=\u00a0\u00bb{}\u00a0\u00bb]<pee><iframe data-src=\"https:\/\/www.youtube.com\/embed\/U7JtFzUFbQY?controls=0\" width=\"560\" height=\"315\" frameborder=\"0\" allowfullscreen=\"allowfullscreen\" src=\"data:image\/svg+xml;base64,PHN2ZyB3aWR0aD0iMSIgaGVpZ2h0PSIxIiB4bWxucz0iaHR0cDovL3d3dy53My5vcmcvMjAwMC9zdmciPjwvc3ZnPg==\" class=\"lazyload\" data-load-mode=\"1\"><\/iframe><\/pee>[\/et_pb_code][\/et_pb_column][\/et_pb_row][\/et_pb_section][et_pb_section fb_built=\u00a0\u00bb1&Prime; _builder_version=\u00a0\u00bb4.16&Prime; custom_padding=\u00a0\u00bb||5px|||\u00a0\u00bb da_disable_devices=\u00a0\u00bboff|off|off\u00a0\u00bb locked=\u00a0\u00bboff\u00a0\u00bb global_colors_info=\u00a0\u00bb{}\u00a0\u00bb da_is_popup=\u00a0\u00bboff\u00a0\u00bb da_exit_intent=\u00a0\u00bboff\u00a0\u00bb da_has_close=\u00a0\u00bbon\u00a0\u00bb da_alt_close=\u00a0\u00bboff\u00a0\u00bb da_dark_close=\u00a0\u00bboff\u00a0\u00bb da_not_modal=\u00a0\u00bbon\u00a0\u00bb da_is_singular=\u00a0\u00bboff\u00a0\u00bb da_with_loader=\u00a0\u00bboff\u00a0\u00bb da_has_shadow=\u00a0\u00bbon\u00a0\u00bb][et_pb_row column_structure=\u00a0\u00bb1_2,1_2&Prime; make_equal=\u00a0\u00bbon\u00a0\u00bb _builder_version=\u00a0\u00bb4.16&Prime; global_colors_info=\u00a0\u00bb{}\u00a0\u00bb][et_pb_column type=\u00a0\u00bb1_2&Prime; _builder_version=\u00a0\u00bb4.16&Prime; border_radii=\u00a0\u00bbon|10px|10px|10px|10px\u00a0\u00bb border_width_all=\u00a0\u00bb5px\u00a0\u00bb border_color_all=\u00a0\u00bb#e06f1d\u00a0\u00bb box_shadow_style=\u00a0\u00bbpreset1&Prime; global_colors_info=\u00a0\u00bb{}\u00a0\u00bb][et_pb_blurb title=\u00a0\u00bbJe veux vendre ma maison.\u00a0\u00bb url=\u00a0\u00bb@ET-DC@eyJkeW5hbWljIjp0cnVlLCJjb250ZW50IjoicG9zdF9saW5rX3VybF9wYWdlIiwic2V0dGluZ3MiOnsicG9zdF9pZCI6IjI0In19@\u00a0\u00bb use_icon=\u00a0\u00bbon\u00a0\u00bb font_icon=\u00a0\u00bb&#xe074;||divi||400&Prime; _builder_version=\u00a0\u00bb4.16&Prime; _dynamic_attributes=\u00a0\u00bburl,link_option_url\u00a0\u00bb header_level=\u00a0\u00bbh3&Prime; header_font=\u00a0\u00bb|600|||||||\u00a0\u00bb header_text_color=\u00a0\u00bb#E06F1D\u00a0\u00bb header_font_size=\u00a0\u00bb24px\u00a0\u00bb header_line_height=\u00a0\u00bb1.3em\u00a0\u00bb custom_margin=\u00a0\u00bb0px||||false|false\u00a0\u00bb custom_padding=\u00a0\u00bb10px|10px|10px|10px|false|false\u00a0\u00bb link_option_url=\u00a0\u00bb@ET-DC@eyJkeW5hbWljIjp0cnVlLCJjb250ZW50IjoicG9zdF9saW5rX3VybF9wYWdlIiwic2V0dGluZ3MiOnsicG9zdF9pZCI6IjI0In19@\u00a0\u00bb border_color_all=\u00a0\u00bb#E06F1D\u00a0\u00bb global_colors_info=\u00a0\u00bb{}\u00a0\u00bb]<\/p>\n<p>Si vous souhaitez vendre votre maison \u00e0 Cumbre del Sol n&rsquo;h\u00e9sitez pas et contactez notre agence.<\/p>\n<p>Nous serons heureux de vous expliquer nos services exclusifs pour les propri\u00e9taires \u00e0 Cumbre del Sol.<\/p>\n<p>D\u00e9couvrez les deux cl\u00e9s fondamentales pour vendre efficacement votre maison!<\/p>\n<p>[\/et_pb_blurb][\/et_pb_column][et_pb_column type=\u00a0\u00bb1_2&Prime; _builder_version=\u00a0\u00bb4.16&Prime; border_radii=\u00a0\u00bbon|10px|10px|10px|10px\u00a0\u00bb border_width_all=\u00a0\u00bb5px\u00a0\u00bb border_color_all=\u00a0\u00bb#e06f1d\u00a0\u00bb box_shadow_style=\u00a0\u00bbpreset1&Prime; global_colors_info=\u00a0\u00bb{}\u00a0\u00bb][et_pb_blurb title=\u00a0\u00bbVous cherchez \u00e0 acheter une maison?\u00a0\u00bb url=\u00a0\u00bbhttp:\/\/www.properties.cumbredelsolpreowned.com\/&#038;myLang=fr\u00a0\u00bb url_new_window=\u00a0\u00bbon\u00a0\u00bb use_icon=\u00a0\u00bbon\u00a0\u00bb font_icon=\u00a0\u00bb&#xe081;||divi||400&Prime; _builder_version=\u00a0\u00bb4.16&Prime; header_level=\u00a0\u00bbh3&Prime; header_font=\u00a0\u00bb|600|||||||\u00a0\u00bb header_text_color=\u00a0\u00bb#E06F1D\u00a0\u00bb header_font_size=\u00a0\u00bb24px\u00a0\u00bb header_line_height=\u00a0\u00bb1.3em\u00a0\u00bb custom_padding=\u00a0\u00bb10px|10px|10px|10px|false|false\u00a0\u00bb link_option_url=\u00a0\u00bbhttp:\/\/www.properties.cumbredelsolpreowned.com\/&#038;myLang=fr\u00a0\u00bb link_option_url_new_window=\u00a0\u00bbon\u00a0\u00bb border_color_all=\u00a0\u00bb#E06F1D\u00a0\u00bb global_colors_info=\u00a0\u00bb{}\u00a0\u00bb font_icon__hover_enabled=\u00a0\u00bboff|desktop\u00a0\u00bb]<\/p>\n<p>Si vous cherchez \u00e0 acheter une maison \u00e0 Cumbre del Sol, vous \u00eates au bon endroit.<\/p>\n<p>Nous avons la plus large gamme de propri\u00e9t\u00e9s \u00e0 vendre \u00e0 Cumbre del Sol.<\/p>\n<p>plus de 30 ans d&rsquo;exp\u00e9rience \u00e0 votre disposition gratuitement!<\/p>\n<p>[\/et_pb_blurb][\/et_pb_column][\/et_pb_row][\/et_pb_section]<\/p>\n","protected":false},"excerpt":{"rendered":"<p>Vid\u00e9o D\u00e9veloppement r\u00e9sidentiel Cumbre del Sol, Benitachell, EspagneLa vid\u00e9o est une pr\u00e9sentation virtuelle de l&rsquo;urbanisation Cumbre del Sol, situ\u00e9e sur la Costa Blanca en Espagne. La vid\u00e9o commence par des vues a\u00e9riennes spectaculaires de l&rsquo;urbanisation et du littoral, montrant la beaut\u00e9 naturelle de la r\u00e9gion. La vid\u00e9o pr\u00e9sente ensuite diff\u00e9rentes zones de l&rsquo;urbanisation, telles que [&hellip;]<\/p>\n","protected":false},"author":2,"featured_media":0,"parent":0,"menu_order":0,"comment_status":"closed","ping_status":"closed","template":"","meta":{"_et_pb_use_builder":"on","_et_pb_old_content":"","_et_gb_content_width":"","footnotes":""},"class_list":["post-205","page","type-page","status-publish","hentry"],"_links":{"self":[{"href":"https:\/\/www.cumbredelsolpreowned.com\/fr\/wp-json\/wp\/v2\/pages\/205","targetHints":{"allow":["GET"]}}],"collection":[{"href":"https:\/\/www.cumbredelsolpreowned.com\/fr\/wp-json\/wp\/v2\/pages"}],"about":[{"href":"https:\/\/www.cumbredelsolpreowned.com\/fr\/wp-json\/wp\/v2\/types\/page"}],"author":[{"embeddable":true,"href":"https:\/\/www.cumbredelsolpreowned.com\/fr\/wp-json\/wp\/v2\/users\/2"}],"replies":[{"embeddable":true,"href":"https:\/\/www.cumbredelsolpreowned.com\/fr\/wp-json\/wp\/v2\/comments?post=205"}],"version-history":[{"count":0,"href":"https:\/\/www.cumbredelsolpreowned.com\/fr\/wp-json\/wp\/v2\/pages\/205\/revisions"}],"wp:attachment":[{"href":"https:\/\/www.cumbredelsolpreowned.com\/fr\/wp-json\/wp\/v2\/media?parent=205"}],"curies":[{"name":"wp","href":"https:\/\/api.w.org\/{rel}","templated":true}]}}