{"id":207,"date":"2020-03-31T16:06:19","date_gmt":"2020-03-31T16:06:19","guid":{"rendered":"https:\/\/www.cumbredelsolpreowned.com\/video-cumbre-del-sol\/"},"modified":"2023-03-12T11:52:50","modified_gmt":"2023-03-12T10:52:50","slug":"video-cumbre-del-sol","status":"publish","type":"page","link":"https:\/\/www.cumbredelsolpreowned.com\/es\/video-cumbre-del-sol\/","title":{"rendered":"v\u00eddeo cumbre del sol"},"content":{"rendered":"<p>[et_pb_section fb_built=\u00bb1&#8243; _builder_version=\u00bb4.16&#8243; custom_margin=\u00bb0px||0px||false|false\u00bb custom_padding=\u00bb0px||0px||false|false\u00bb da_disable_devices=\u00bboff|off|off\u00bb global_colors_info=\u00bb{}\u00bb da_is_popup=\u00bboff\u00bb da_exit_intent=\u00bboff\u00bb da_has_close=\u00bbon\u00bb da_alt_close=\u00bboff\u00bb da_dark_close=\u00bboff\u00bb da_not_modal=\u00bbon\u00bb da_is_singular=\u00bboff\u00bb da_with_loader=\u00bboff\u00bb da_has_shadow=\u00bbon\u00bb][et_pb_row _builder_version=\u00bb4.20.2&#8243; _module_preset=\u00bbdefault\u00bb custom_margin=\u00bb||0px||false|false\u00bb custom_padding=\u00bb||0px||false|false\u00bb hover_enabled=\u00bb0&#8243; sticky_enabled=\u00bb0&#8243;][et_pb_column _builder_version=\u00bb4.20.2&#8243; _module_preset=\u00bbdefault\u00bb type=\u00bb4_4&#8243;][et_pb_text _builder_version=\u00bb4.20.2&#8243; _module_preset=\u00bbdefault\u00bb hover_enabled=\u00bb0&#8243; sticky_enabled=\u00bb0&#8243;]<\/p>\n<h1>V\u00eddeo urbanizaci\u00f3n Cumbre del Sol Benitachell, Costa Blanca, Alicante Costa<\/h1>\n<p>[\/et_pb_text][\/et_pb_column][\/et_pb_row][et_pb_row _builder_version=\u00bb4.20.2&#8243; _module_preset=\u00bbdefault\u00bb column_structure=\u00bb1_2,1_2&#8243;][et_pb_column _builder_version=\u00bb4.20.2&#8243; _module_preset=\u00bbdefault\u00bb type=\u00bb1_2&#8243;][et_pb_text _builder_version=\u00bb4.20.2&#8243; _module_preset=\u00bbdefault\u00bb hover_enabled=\u00bb0&#8243; sticky_enabled=\u00bb0&#8243;]<\/p>\n<p style=\"text-align: justify;\">El video es una presentaci\u00f3n virtual de la <a href=\"https:\/\/www.cumbredelsolpreowned.com\/es\/cumbre-del-sol-benitachell\/\" title=\"Urbanizaci\u00f3n Cumbre del Sol Benitachell\">urbanizaci\u00f3n Cumbre del Sol<\/a>, ubicada en la Costa Blanca de Espa\u00f1a. El video comienza <strong>con vistas a\u00e9reas espectaculares de la urbanizaci\u00f3n<\/strong> y la costa, mostrando la belleza natural de la zona. Luego, el video presenta diferentes \u00e1reas de la urbanizaci\u00f3n, como el centro comercial adelfas, el colegio internacional Laude Lady Elizabeth School, el centro deportivo y las diversas zonas residenciales.<\/p>\n<p style=\"text-align: justify;\">El video destaca la arquitectura mediterr\u00e1nea de las propiedades en la urbanizaci\u00f3n, que <strong>se integran armoniosamente con el entorno natural<\/strong>. Adem\u00e1s, se muestra una gran variedad de propiedades, desde apartamentos hasta villas de lujo con impresionantes vistas al mar. Tambi\u00e9n se muestran algunas de las comodidades que los residentes pueden disfrutar, como piscinas, jardines, terrazas y \u00e1reas de recreaci\u00f3n.<\/p>\n<blockquote>\n<p style=\"text-align: justify;\">En general, <strong>el video ofrece una buena visi\u00f3n general de la urbanizaci\u00f3n Cumbre del Sol<\/strong>, mostrando sus caracter\u00edsticas principales y su belleza natural, lo que puede resultar muy \u00fatil para aquellos que est\u00e9n interesados en adquirir una propiedad en esta zona.<\/p>\n<\/blockquote>\n<p>[\/et_pb_text][\/et_pb_column][et_pb_column _builder_version=\u00bb4.20.2&#8243; _module_preset=\u00bbdefault\u00bb type=\u00bb1_2&#8243;][et_pb_text _builder_version=\u00bb4.20.2&#8243; _module_preset=\u00bbdefault\u00bb hover_enabled=\u00bb0&#8243; sticky_enabled=\u00bb0&#8243;]<\/p>\n<p style=\"text-align: justify;\">La <a href=\"https:\/\/www.cumbredelsolpreowned.com\/es\/\" title=\"agencia inmobiliaria Cumbre del Sol Pre-Owned\">agencia inmobiliaria Cumbre del Sol Pre-Owned<\/a> <strong><a href=\"https:\/\/www.youtube.com\/@CumbredelsolPreOwnedRealEstate\" target=\"_blank\" rel=\"noopener nofollow\" title=\"canal de YouTube de la agencia inmobilairia Cumbre del Sol Pre-Owned\">cuenta con un canal de YouTube<\/a><\/strong> donde comparten una variedad de videos relacionados con la venta de propiedades en la prestigiosa urbanizaci\u00f3n Cumbre del Sol, ubicada en la Costa Blanca de Espa\u00f1a.<\/p>\n<p style=\"text-align: justify;\">En su canal de YouTube, Cumbre del Sol Pre-Owned <strong>ofrece una amplia variedad de contenido<\/strong>, que incluye visitas virtuales a propiedades en venta, Adem\u00e1s, la agencia tambi\u00e9n comparte videos promocionales sobre la urbanizaci\u00f3n y su entorno natural, destacando las vistas impresionantes al mar y las monta\u00f1as.<\/p>\n<p style=\"text-align: justify;\">Los videos en el canal de YouTube de Cumbre del Sol Pre-Owned<strong> tienen una alta calidad de producci\u00f3n<\/strong>, con im\u00e1genes claras y n\u00edtidas, que ofrece informaci\u00f3n detallada sobre las propiedades en venta.<\/p>\n<p style=\"text-align: justify;\">En resumen, el canal de YouTube de Cumbre del Sol Pre-Owned es una excelente herramienta para aquellos que <a href=\"https:\/\/www.properties.cumbredelsolpreowned.com\/venta\/\" target=\"_blank\" rel=\"noopener\" title=\"venta de casas en la urbanizaci\u00f3n Cumbre del Sol\"><strong>buscan comprar una propiedad en la urbanizaci\u00f3n Cumbre del Sol,<\/strong><\/a> ya que ofrece una gran cantidad de informaci\u00f3n valiosa y atractiva, presentada de manera profesional y organizada.<\/p>\n<p>[\/et_pb_text][\/et_pb_column][\/et_pb_row][et_pb_row _builder_version=\u00bb4.16&#8243; width=\u00bb100%\u00bb max_width=\u00bb1280px\u00bb custom_padding=\u00bb0px||0px||false|false\u00bb global_colors_info=\u00bb{}\u00bb][et_pb_column type=\u00bb4_4&#8243; _builder_version=\u00bb4.16&#8243; global_colors_info=\u00bb{}\u00bb][et_pb_code _builder_version=\u00bb4.16&#8243; global_colors_info=\u00bb{}\u00bb]<pee><iframe data-src=\"https:\/\/www.youtube.com\/embed\/U7JtFzUFbQY?controls=0\" width=\"560\" height=\"315\" frameborder=\"0\" allowfullscreen=\"allowfullscreen\" src=\"data:image\/svg+xml;base64,PHN2ZyB3aWR0aD0iMSIgaGVpZ2h0PSIxIiB4bWxucz0iaHR0cDovL3d3dy53My5vcmcvMjAwMC9zdmciPjwvc3ZnPg==\" class=\"lazyload\" data-load-mode=\"1\"><\/iframe><\/pee>[\/et_pb_code][\/et_pb_column][\/et_pb_row][\/et_pb_section][et_pb_section fb_built=\u00bb1&#8243; _builder_version=\u00bb4.16&#8243; custom_padding=\u00bb||5px|||\u00bb da_disable_devices=\u00bboff|off|off\u00bb locked=\u00bboff\u00bb global_colors_info=\u00bb{}\u00bb da_is_popup=\u00bboff\u00bb da_exit_intent=\u00bboff\u00bb da_has_close=\u00bbon\u00bb da_alt_close=\u00bboff\u00bb da_dark_close=\u00bboff\u00bb da_not_modal=\u00bbon\u00bb da_is_singular=\u00bboff\u00bb da_with_loader=\u00bboff\u00bb da_has_shadow=\u00bbon\u00bb][et_pb_row column_structure=\u00bb1_2,1_2&#8243; make_equal=\u00bbon\u00bb _builder_version=\u00bb4.16&#8243; global_colors_info=\u00bb{}\u00bb][et_pb_column type=\u00bb1_2&#8243; _builder_version=\u00bb4.16&#8243; border_radii=\u00bbon|10px|10px|10px|10px\u00bb border_width_all=\u00bb5px\u00bb border_color_all=\u00bb#e06f1d\u00bb box_shadow_style=\u00bbpreset1&#8243; global_colors_info=\u00bb{}\u00bb][et_pb_blurb title=\u00bbQuiero vender mi casa.\u00bb url=\u00bb@ET-DC@eyJkeW5hbWljIjp0cnVlLCJjb250ZW50IjoicG9zdF9saW5rX3VybF9wYWdlIiwic2V0dGluZ3MiOnsicG9zdF9pZCI6IjI0In19@\u00bb use_icon=\u00bbon\u00bb font_icon=\u00bb&#xe074;||divi||400&#8243; _builder_version=\u00bb4.16&#8243; _dynamic_attributes=\u00bburl,link_option_url\u00bb header_level=\u00bbh3&#8243; header_font=\u00bb|600|||||||\u00bb header_text_color=\u00bb#E06F1D\u00bb header_font_size=\u00bb24px\u00bb header_line_height=\u00bb1.3em\u00bb custom_margin=\u00bb0px||||false|false\u00bb custom_padding=\u00bb10px|10px|10px|10px|false|false\u00bb link_option_url=\u00bb@ET-DC@eyJkeW5hbWljIjp0cnVlLCJjb250ZW50IjoicG9zdF9saW5rX3VybF9wYWdlIiwic2V0dGluZ3MiOnsicG9zdF9pZCI6IjI0In19@\u00bb border_color_all=\u00bb#E06F1D\u00bb global_colors_info=\u00bb{}\u00bb]<\/p>\n<p>Si quiere vender su vivienda en Cumbre del Sol no lo dude y contacte con nuestra agencia.<\/p>\n<p>Con mucho gusto le explicaremos nuestros servicios exclusivos para propietarios en Cumbre del Sol.<\/p>\n<p>\u00a1Descubre las dos claves fundamentales para vender tu vivienda de forma eficaz!<\/p>\n<p>[\/et_pb_blurb][\/et_pb_column][et_pb_column type=\u00bb1_2&#8243; _builder_version=\u00bb4.16&#8243; border_radii=\u00bbon|10px|10px|10px|10px\u00bb border_width_all=\u00bb5px\u00bb border_color_all=\u00bb#e06f1d\u00bb box_shadow_style=\u00bbpreset1&#8243; global_colors_info=\u00bb{}\u00bb][et_pb_blurb title=\u00bb\u00bfEst\u00e1 buscando comprar una casa?\u00bb url=\u00bbhttp:\/\/www.properties.cumbredelsolpreowned.com\/&#038;myLang=es\u00bb url_new_window=\u00bbon\u00bb use_icon=\u00bbon\u00bb font_icon=\u00bb&#xe081;||divi||400&#8243; _builder_version=\u00bb4.16&#8243; header_level=\u00bbh3&#8243; header_font=\u00bb|600|||||||\u00bb header_text_color=\u00bb#E06F1D\u00bb header_font_size=\u00bb24px\u00bb header_line_height=\u00bb1.3em\u00bb custom_padding=\u00bb10px|10px|10px|10px|false|false\u00bb link_option_url=\u00bbhttp:\/\/www.properties.cumbredelsolpreowned.com\/&#038;myLang=es\u00bb link_option_url_new_window=\u00bbon\u00bb border_color_all=\u00bb#E06F1D\u00bb global_colors_info=\u00bb{}\u00bb font_icon__hover_enabled=\u00bboff|desktop\u00bb]<\/p>\n<p>Si est\u00e1 buscando comprar una vivienda en Cumbre del Sol, ha venido al lugar indicado.<\/p>\n<p>Disponemos de la m\u00e1s amplia oferta de propiedades en venta en Cumbre del Sol.<\/p>\n<p>\u00a1M\u00e1s de 30 a\u00f1os de experiencia a tu disposici\u00f3n gratis!<\/p>\n<p>[\/et_pb_blurb][\/et_pb_column][\/et_pb_row][\/et_pb_section]<\/p>\n","protected":false},"excerpt":{"rendered":"<p>V\u00eddeo urbanizaci\u00f3n Cumbre del Sol Benitachell, Costa Blanca, Alicante CostaEl video es una presentaci\u00f3n virtual de la urbanizaci\u00f3n Cumbre del Sol, ubicada en la Costa Blanca de Espa\u00f1a. El video comienza con vistas a\u00e9reas espectaculares de la urbanizaci\u00f3n y la costa, mostrando la belleza natural de la zona. Luego, el video presenta diferentes \u00e1reas de [&hellip;]<\/p>\n","protected":false},"author":2,"featured_media":0,"parent":0,"menu_order":0,"comment_status":"closed","ping_status":"closed","template":"","meta":{"_et_pb_use_builder":"on","_et_pb_old_content":"","_et_gb_content_width":"","footnotes":""},"class_list":["post-207","page","type-page","status-publish","hentry"],"_links":{"self":[{"href":"https:\/\/www.cumbredelsolpreowned.com\/es\/wp-json\/wp\/v2\/pages\/207","targetHints":{"allow":["GET"]}}],"collection":[{"href":"https:\/\/www.cumbredelsolpreowned.com\/es\/wp-json\/wp\/v2\/pages"}],"about":[{"href":"https:\/\/www.cumbredelsolpreowned.com\/es\/wp-json\/wp\/v2\/types\/page"}],"author":[{"embeddable":true,"href":"https:\/\/www.cumbredelsolpreowned.com\/es\/wp-json\/wp\/v2\/users\/2"}],"replies":[{"embeddable":true,"href":"https:\/\/www.cumbredelsolpreowned.com\/es\/wp-json\/wp\/v2\/comments?post=207"}],"version-history":[{"count":0,"href":"https:\/\/www.cumbredelsolpreowned.com\/es\/wp-json\/wp\/v2\/pages\/207\/revisions"}],"wp:attachment":[{"href":"https:\/\/www.cumbredelsolpreowned.com\/es\/wp-json\/wp\/v2\/media?parent=207"}],"curies":[{"name":"wp","href":"https:\/\/api.w.org\/{rel}","templated":true}]}}