{"id":206,"date":"2020-03-31T16:06:19","date_gmt":"2020-03-31T16:06:19","guid":{"rendered":"https:\/\/www.cumbredelsolpreowned.com\/video-cumbre-del-sol\/"},"modified":"2023-03-12T12:14:32","modified_gmt":"2023-03-12T11:14:32","slug":"video-cumbre-del-sol","status":"publish","type":"page","link":"https:\/\/www.cumbredelsolpreowned.com\/de\/video-cumbre-del-sol\/","title":{"rendered":"video cumbre del sol"},"content":{"rendered":"<p>[et_pb_section fb_built=&#8220;1&#8243; _builder_version=&#8220;4.16&#8243; custom_margin=&#8220;0px||0px||false|false&#8220; custom_padding=&#8220;0px||0px||false|false&#8220; da_disable_devices=&#8220;off|off|off&#8220; global_colors_info=&#8220;{}&#8220; da_is_popup=&#8220;off&#8220; da_exit_intent=&#8220;off&#8220; da_has_close=&#8220;on&#8220; da_alt_close=&#8220;off&#8220; da_dark_close=&#8220;off&#8220; da_not_modal=&#8220;on&#8220; da_is_singular=&#8220;off&#8220; da_with_loader=&#8220;off&#8220; da_has_shadow=&#8220;on&#8220;][et_pb_row _builder_version=&#8220;4.20.2&#8243; _module_preset=&#8220;default&#8220; custom_margin=&#8220;||0px||false|false&#8220; custom_padding=&#8220;||0px||false|false&#8220; hover_enabled=&#8220;0&#8243; sticky_enabled=&#8220;0&#8243;][et_pb_column _builder_version=&#8220;4.20.2&#8243; _module_preset=&#8220;default&#8220; type=&#8220;4_4&#8243;][et_pb_text _builder_version=&#8220;4.20.2&#8243; _module_preset=&#8220;default&#8220; hover_enabled=&#8220;0&#8243; sticky_enabled=&#8220;0&#8243;]<\/p>\n<h1>Video Wohnanlage Cumbre del Sol, Benitachell, Spanien<\/h1>\n<p>[\/et_pb_text][\/et_pb_column][\/et_pb_row][et_pb_row _builder_version=&#8220;4.20.2&#8243; _module_preset=&#8220;default&#8220; column_structure=&#8220;1_2,1_2&#8243;][et_pb_column _builder_version=&#8220;4.20.2&#8243; _module_preset=&#8220;default&#8220; type=&#8220;1_2&#8243;][et_pb_text _builder_version=&#8220;4.20.2&#8243; _module_preset=&#8220;default&#8220; hover_enabled=&#8220;0&#8243; sticky_enabled=&#8220;0&#8243;]<\/p>\n<p style=\"text-align: justify;\">Das Video ist eine virtuelle Pr\u00e4sentation der <a href=\"https:\/\/www.cumbredelsolpreowned.com\/de\/cumbre-del-sol-benitachell\/\" title=\"Urbanisation Cumbre del Sol\">Urbanisation Cumbre del Sol<\/a>, die an der Costa Blanca in Spanien liegt. Das Video <strong>beginnt mit spektakul\u00e4ren Luftaufnahmen der Urbanisation und der K\u00fcstenlinie,<\/strong> die die nat\u00fcrliche Sch\u00f6nheit der Gegend zeigen. <strong>Anschlie\u00dfend stellt das Video verschiedene Bereiche der Urbanisation vor<\/strong>, wie das Einkaufszentrum Adelfas, die internationale Laude Lady Elizabeth School, das Sportzentrum und die verschiedenen Wohngebiete.<\/p>\n<p style=\"text-align: justify;\">Das Video hebt die mediterrane Architektur der Immobilien in der Siedlung hervor, <strong>die sich harmonisch in die nat\u00fcrliche Umgebung einf\u00fcgt.<\/strong> Au\u00dferdem wird eine breite Palette von Immobilien gezeigt, von Wohnungen bis hin zu Luxusvillen mit atemberaubendem Meerblick. Au\u00dferdem werden einige der Annehmlichkeiten gezeigt, die den Bewohnern zur Verf\u00fcgung stehen, wie z.B. Swimmingpools, G\u00e4rten, Terrassen und Erholungsgebiete.<\/p>\n<blockquote>\n<p style=\"text-align: justify;\">Insgesamt bietet das Video <strong>einen guten \u00dcberblick \u00fcber die Urbanisation Cumbre del Sol<\/strong> und zeigt ihre wichtigsten Merkmale und ihre nat\u00fcrliche Sch\u00f6nheit, was sich f\u00fcr diejenigen, die sich f\u00fcr den <a href=\"https:\/\/www.properties.cumbredelsolpreowned.com\/de\/verkauf\/\" target=\"_blank\" rel=\"noopener\" title=\"Kauf immobilie Cumbre del Sol\">Kauf einer Immobilie in dieser Gegend interessieren<\/a>, als sehr n\u00fctzlich erweisen kann.<\/p>\n<\/blockquote>\n<p>[\/et_pb_text][\/et_pb_column][et_pb_column _builder_version=&#8220;4.20.2&#8243; _module_preset=&#8220;default&#8220; type=&#8220;1_2&#8243;][et_pb_text _builder_version=&#8220;4.20.2&#8243; _module_preset=&#8220;default&#8220; hover_enabled=&#8220;0&#8243; sticky_enabled=&#8220;0&#8243;]<\/p>\n<p style=\"text-align: justify;\">Die <a href=\"https:\/\/www.cumbredelsolpreowned.com\/de\/\" title=\"Immobilienagentur Cumbre del Sol Pre-Owned\">Immobilienagentur Cumbre del Sol Pre-Owned<\/a> hat einen YouTube-Kanal, auf dem sie eine Vielzahl von Videos \u00fcber den Verkauf von Immobilien in der prestigetr\u00e4chtigen Urbanisation Cumbre del Sol an der Costa Blanca in Spanien ver\u00f6ffentlicht.<\/p>\n<p style=\"text-align: justify;\">Auf seinem <a href=\"https:\/\/www.youtube.com\/@CumbredelsolPreOwnedRealEstate\" target=\"_blank\" rel=\"noopener nofollow\" title=\"YouTube-Kanal Immobilienagentur Cumbre del Sol Pre-Owned\"><strong>YouTube-Kanal<\/strong><\/a> bietet Cumbre del Sol Pre-Owned <strong>eine Vielzahl von Inhalten an<\/strong>, darunter virtuelle Rundg\u00e4nge durch die zum Verkauf stehenden Immobilien. Au\u00dferdem stellt die Agentur Werbevideos \u00fcber die Urbanisation und ihre nat\u00fcrliche Umgebung zur Verf\u00fcgung, in denen der <strong>atemberaubende Blick auf das Meer und die Berge hervorgehoben wird.<\/strong><\/p>\n<p style=\"text-align: justify;\">Die Videos auf dem YouTube-Kanal von Cumbre del Sol Pre-Owned <strong>haben eine hohe Produktionsqualit\u00e4t<\/strong> mit klaren und scharfen Bildern und bieten detaillierte Informationen \u00fcber die zum Verkauf stehenden Immobilien. <\/p>\n<p style=\"text-align: justify;\">Zusammenfassend l\u00e4sst sich sagen, dass der YouTube-Kanal von Cumbre del Sol Pre-Owned ein hervorragendes Instrument f\u00fcr diejenigen ist, <a href=\"https:\/\/www.properties.cumbredelsolpreowned.com\/de\/verkauf\/\" target=\"_blank\" rel=\"noopener\" title=\"Kaufen von immobilien in Cumbre del Sol\"><strong>die eine Immobilie in der Urbanisation Cumbre del Sol kaufen m\u00f6chten<\/strong><\/a>, denn er bietet eine F\u00fclle wertvoller und attraktiver Informationen, die auf professionelle und organisierte Weise pr\u00e4sentiert werden.<\/p>\n<p>[\/et_pb_text][\/et_pb_column][\/et_pb_row][\/et_pb_section][et_pb_section fb_built=&#8220;1&#8243; _builder_version=&#8220;4.16&#8243; custom_padding=&#8220;||5px|||&#8220; da_disable_devices=&#8220;off|off|off&#8220; locked=&#8220;off&#8220; global_colors_info=&#8220;{}&#8220; da_is_popup=&#8220;off&#8220; da_exit_intent=&#8220;off&#8220; da_has_close=&#8220;on&#8220; da_alt_close=&#8220;off&#8220; da_dark_close=&#8220;off&#8220; da_not_modal=&#8220;on&#8220; da_is_singular=&#8220;off&#8220; da_with_loader=&#8220;off&#8220; da_has_shadow=&#8220;on&#8220;][et_pb_row _builder_version=&#8220;4.16&#8243; width=&#8220;100%&#8220; max_width=&#8220;1280px&#8220; custom_padding=&#8220;0px||0px||false|false&#8220; global_colors_info=&#8220;{}&#8220;][et_pb_column type=&#8220;4_4&#8243; _builder_version=&#8220;4.16&#8243; global_colors_info=&#8220;{}&#8220;][et_pb_code _builder_version=&#8220;4.16&#8243; global_colors_info=&#8220;{}&#8220;]<pee><iframe data-src=\"https:\/\/www.youtube.com\/embed\/U7JtFzUFbQY?controls=0\" width=\"560\" height=\"315\" frameborder=\"0\" allowfullscreen=\"allowfullscreen\" src=\"data:image\/svg+xml;base64,PHN2ZyB3aWR0aD0iMSIgaGVpZ2h0PSIxIiB4bWxucz0iaHR0cDovL3d3dy53My5vcmcvMjAwMC9zdmciPjwvc3ZnPg==\" class=\"lazyload\" data-load-mode=\"1\"><\/iframe><\/pee>[\/et_pb_code][\/et_pb_column][\/et_pb_row][et_pb_row column_structure=&#8220;1_2,1_2&#8243; make_equal=&#8220;on&#8220; _builder_version=&#8220;4.16&#8243; global_colors_info=&#8220;{}&#8220;][et_pb_column type=&#8220;1_2&#8243; _builder_version=&#8220;4.16&#8243; border_radii=&#8220;on|10px|10px|10px|10px&#8220; border_width_all=&#8220;5px&#8220; border_color_all=&#8220;#e06f1d&#8220; box_shadow_style=&#8220;preset1&#8243; global_colors_info=&#8220;{}&#8220;][et_pb_blurb title=&#8220;Ich m\u00f6chte mein Haus verkaufen.&#8220; url=&#8220;@ET-DC@eyJkeW5hbWljIjp0cnVlLCJjb250ZW50IjoicG9zdF9saW5rX3VybF9wYWdlIiwic2V0dGluZ3MiOnsicG9zdF9pZCI6IjI0In19@&#8220; use_icon=&#8220;on&#8220; font_icon=&#8220;&#xe074;||divi||400&#8243; _builder_version=&#8220;4.16&#8243; _dynamic_attributes=&#8220;url,link_option_url&#8220; header_level=&#8220;h3&#8243; header_font=&#8220;|600|||||||&#8220; header_text_color=&#8220;#E06F1D&#8220; header_font_size=&#8220;24px&#8220; header_line_height=&#8220;1.3em&#8220; custom_margin=&#8220;0px||||false|false&#8220; custom_padding=&#8220;10px|10px|10px|10px|false|false&#8220; link_option_url=&#8220;@ET-DC@eyJkeW5hbWljIjp0cnVlLCJjb250ZW50IjoicG9zdF9saW5rX3VybF9wYWdlIiwic2V0dGluZ3MiOnsicG9zdF9pZCI6IjI0In19@&#8220; border_color_all=&#8220;#E06F1D&#8220; global_colors_info=&#8220;{}&#8220;]<\/p>\n<p>Wenn Sie Ihr Haus in Cumbre del Sol verkaufen m\u00f6chten, z\u00f6gern Sie nicht und kontaktieren Sie unsere Agentur.<\/p>\n<p>Wir erkl\u00e4ren Ihnen gerne unsere exklusiven Dienstleistungen f\u00fcr Eigent\u00fcmer in Cumbre del Sol.<\/p>\n<p>Entdecken Sie die beiden grundlegenden Schl\u00fcssel, um Ihr Haus effektiv zu verkaufen!<\/p>\n<p>[\/et_pb_blurb][\/et_pb_column][et_pb_column type=&#8220;1_2&#8243; _builder_version=&#8220;4.16&#8243; border_radii=&#8220;on|10px|10px|10px|10px&#8220; border_width_all=&#8220;5px&#8220; border_color_all=&#8220;#e06f1d&#8220; box_shadow_style=&#8220;preset1&#8243; global_colors_info=&#8220;{}&#8220;][et_pb_blurb title=&#8220;M\u00f6chten Sie ein Haus kaufen?&#8220; url=&#8220;http:\/\/www.properties.cumbredelsolpreowned.com\/&#038;myLang=de&#8220; url_new_window=&#8220;on&#8220; use_icon=&#8220;on&#8220; font_icon=&#8220;&#xe081;||divi||400&#8243; _builder_version=&#8220;4.16&#8243; header_level=&#8220;h3&#8243; header_font=&#8220;|600|||||||&#8220; header_text_color=&#8220;#E06F1D&#8220; header_font_size=&#8220;24px&#8220; header_line_height=&#8220;1.3em&#8220; custom_padding=&#8220;10px|10px|10px|10px|false|false&#8220; link_option_url=&#8220;http:\/\/www.properties.cumbredelsolpreowned.com\/&#038;myLang=de&#8220; link_option_url_new_window=&#8220;on&#8220; border_color_all=&#8220;#E06F1D&#8220; global_colors_info=&#8220;{}&#8220; font_icon__hover_enabled=&#8220;off|desktop&#8220;]<\/p>\n<p>Wenn Sie ein Haus in Cumbre del Sol kaufen m\u00f6chten, sind Sie bei uns genau richtig.<\/p>\n<p>Wir haben die gr\u00f6\u00dfte Auswahl an Immobilien zum Verkauf in Cumbre del Sol.<\/p>\n<p>Mehr als 30 Jahre Erfahrung stehen Ihnen kostenlos zur Verf\u00fcgung!<\/p>\n<p>[\/et_pb_blurb][\/et_pb_column][\/et_pb_row][\/et_pb_section]<\/p>\n","protected":false},"excerpt":{"rendered":"<p>Video Wohnanlage Cumbre del Sol, Benitachell, SpanienDas Video ist eine virtuelle Pr\u00e4sentation der Urbanisation Cumbre del Sol, die an der Costa Blanca in Spanien liegt. Das Video beginnt mit spektakul\u00e4ren Luftaufnahmen der Urbanisation und der K\u00fcstenlinie, die die nat\u00fcrliche Sch\u00f6nheit der Gegend zeigen. Anschlie\u00dfend stellt das Video verschiedene Bereiche der Urbanisation vor, wie das Einkaufszentrum [&hellip;]<\/p>\n","protected":false},"author":2,"featured_media":0,"parent":0,"menu_order":0,"comment_status":"closed","ping_status":"closed","template":"","meta":{"_et_pb_use_builder":"on","_et_pb_old_content":"","_et_gb_content_width":"","footnotes":""},"class_list":["post-206","page","type-page","status-publish","hentry"],"_links":{"self":[{"href":"https:\/\/www.cumbredelsolpreowned.com\/de\/wp-json\/wp\/v2\/pages\/206","targetHints":{"allow":["GET"]}}],"collection":[{"href":"https:\/\/www.cumbredelsolpreowned.com\/de\/wp-json\/wp\/v2\/pages"}],"about":[{"href":"https:\/\/www.cumbredelsolpreowned.com\/de\/wp-json\/wp\/v2\/types\/page"}],"author":[{"embeddable":true,"href":"https:\/\/www.cumbredelsolpreowned.com\/de\/wp-json\/wp\/v2\/users\/2"}],"replies":[{"embeddable":true,"href":"https:\/\/www.cumbredelsolpreowned.com\/de\/wp-json\/wp\/v2\/comments?post=206"}],"version-history":[{"count":0,"href":"https:\/\/www.cumbredelsolpreowned.com\/de\/wp-json\/wp\/v2\/pages\/206\/revisions"}],"wp:attachment":[{"href":"https:\/\/www.cumbredelsolpreowned.com\/de\/wp-json\/wp\/v2\/media?parent=206"}],"curies":[{"name":"wp","href":"https:\/\/api.w.org\/{rel}","templated":true}]}}